{"id":36316,"date":"2024-07-19T07:56:42","date_gmt":"2024-07-19T07:56:42","guid":{"rendered":"https:\/\/wordpress.zozothemes.com\/igual\/?page_id=36316"},"modified":"2025-06-30T12:27:31","modified_gmt":"2025-06-30T10:27:31","slug":"home-2","status":"publish","type":"page","link":"http:\/\/kowalczykadwokat.pl\/","title":{"rendered":"Home"},"content":{"rendered":"\n<p id=\"o-mnie\"><\/p>\n\n\n\n<br><br><br>\n\n\n\n<p><\/p>\n\n\n\n<h2 class=\"wp-block-heading\">O mnie<\/h2>\n\n\n\n<h5 class=\"wp-block-heading\">Wykszta\u0142cenie<\/h5>\n\n\n\n<ul style=\"color:#000000\" class=\"wp-block-list has-text-color has-link-color wp-elements-3a0cb836abb933710c49b552856aebc5\">\n<li class=\"has-dark-gray-color has-text-color has-link-color wp-elements-cd6b105462449491bf39ab8d25c89ce9\">Uko\u0144czy\u0142am z wyr\u00f3\u017cnieniem studia prawnicze na Wydziale Prawa i Administracji Uniwersytetu \u0141\u00f3dzkiego.<\/li>\n\n\n\n<li class=\"has-text-color has-link-color wp-elements-da8a17991aeb582e4822fd7267a3b7ce\" style=\"color:#000000\">Uko\u0144czy\u0142am Studia Podyplomowe:\n<ul class=\"wp-block-list\">\n<li class=\"has-text-color has-link-color wp-elements-48ef9c884909bfc611aab6161ee8d97c\" style=\"color:#000000\"><strong>Prawo Sp\u00f3\u0142ek<\/strong> \u2013 Szko\u0142a G\u0142\u00f3wna Handlowa w Warszawie<\/li>\n\n\n\n<li class=\"has-text-color has-link-color wp-elements-3b013c8a237213043103bd2b5b14cd89\" style=\"color:#000000\"><strong>Prawo rodzinne z elementami psychologii<\/strong> \u2013 Uniwersytet \u0141\u00f3dzki<\/li>\n<\/ul>\n<\/li>\n<\/ul>\n\n\n\n<h5 class=\"wp-block-heading\">Przynale\u017cno\u015b\u0107 zawodowa<\/h5>\n\n\n\n<ul style=\"color:#000000\" class=\"wp-block-list has-text-color has-link-color wp-elements-5a812e9a0d5f6cdcfac64ab90db1378e\">\n<li class=\"has-dark-gray-color has-text-color has-link-color wp-elements-c5c6d23f96b96ca5bf7e51a47012bd43\">Od stycznia 2018 \u2013 cz\u0142onek <strong>Izby Adwokackiej w Warszawie<\/strong><\/li>\n\n\n\n<li class=\"has-dark-gray-color has-text-color has-link-color wp-elements-be94e1f7b9e66b9531f9bf0a238a27c9\">Od listopada 2024 \u2013 cz\u0142onek <strong>Izby Adwokackiej w Cz\u0119stochowie<\/strong><\/li>\n<\/ul>\n\n\n\n<h5 class=\"wp-block-heading\">Do\u015bwiadczenie<\/h5>\n\n\n\n<ul style=\"color:#000000\" class=\"wp-block-list has-text-color has-link-color wp-elements-9180e95ff1fb67072823d88c5e81cc3e\">\n<li class=\"has-dark-gray-color has-text-color has-link-color wp-elements-98aa9df69896a72fa9d025ed43652ee6\">Kilkuletnia praktyka w kancelariach prawnych w Warszawie i \u0141odzi<\/li>\n\n\n\n<li class=\"has-dark-gray-color has-text-color has-link-color wp-elements-51cb961dc22ed571bff070f8bde04536\">Dzia\u0142alno\u015b\u0107 pro bono:\n<ul class=\"wp-block-list\">\n<li class=\"has-dark-gray-color has-text-color has-link-color wp-elements-2a49bb6e484f26d613475b9aa7089c90\">Fundacja <strong>Academia Iuris<\/strong><\/li>\n\n\n\n<li class=\"has-dark-gray-color has-text-color has-link-color wp-elements-09462f3242e307ededae433c2f327b99\"><strong>Poradnia Prawna<\/strong> przy Uniwersytecie \u0141\u00f3dzkim<\/li>\n<\/ul>\n<\/li>\n<\/ul>\n\n\n\n<h5 class=\"wp-block-heading\">Publikacje<\/h5>\n\n\n\n<ul style=\"color:#000000\" class=\"wp-block-list has-text-color has-link-color wp-elements-b6b9d64e861d61834236afdaaf472a6d\">\n<li class=\"has-dark-gray-color has-text-color has-link-color wp-elements-ad806628f5a1c9a280c0c8171983fb82\">Autorka <strong>publikacji naukowych<\/strong> i <strong>artyku\u0142\u00f3w prasowych<\/strong> z zakresu prawa<\/li>\n<\/ul>\n\n\n\n<p class=\"has-text-color has-link-color wp-elements-e772d828a4690446b79050cf0e284f57\" style=\"color:#000000\">W pracy kieruj\u0119 si\u0119 satysfakcj\u0105 klienta, skuteczno\u015bci\u0105 prowadzonych spraw, pe\u0142nym zaanga\u017cowaniem i indywidualnym podej\u015bciem.<\/p>\n\n\n\n<p class=\"has-text-color has-link-color wp-elements-5d672a010e3eed177bace3093eac78e8\" style=\"color:#000000\">Prywatnie \u017cona i mama dw\u00f3ch c\u00f3rek \u2013 to moja najwi\u0119ksza motywacja i \u017ar\u00f3d\u0142o codziennej si\u0142y.<\/p>\n\n\n\n<p class=\"has-text-color has-link-color\">&nbsp;<\/p>\n\n\n\n<p id=\"nasi-eksperci\"><\/p>\n\n\n\n<br><br><br>\n\n\n\n<p id=\"nasi-eksperci\"><\/p>\n\n\n\n<p><\/p>\n\n\n\n<h2 class=\"wp-block-heading\">Nasi eksperci<\/h2>\n\n\n\n<h4 class=\"wp-block-heading\">Szymon Kowalczyk &#8211; doktor nauk prawnych<\/h4>\n\n\n\n<h5 class=\"wp-block-heading\">Wykszta\u0142cenie<\/h5>\n\n\n\n<ul class=\"wp-block-list\">\n<li>Uko\u0144czy\u0142 studia prawnicze na Wydziale Prawa i Administracji Uniwersytetu Warszawskiego<\/li>\n\n\n\n<li>Uko\u0144czy\u0142 kierunek <strong>Finanse i Rachunkowo\u015b\u0107<\/strong> w Szkole G\u0142\u00f3wnej Handlowej w Warszawie<\/li>\n\n\n\n<li>Absolwent <strong>University of Bradford School of Management<\/strong><\/li>\n\n\n\n<li>Stypendysta uczelni <strong>HEC Montr\u00e9al<\/strong> na kierunku <em>Finance &amp; International Business<\/em><\/li>\n<\/ul>\n\n\n\n<h5 class=\"wp-block-heading\">Specjalizacja<\/h5>\n\n\n\n<ul class=\"wp-block-list\">\n<li>Prawo finansowe<\/li>\n\n\n\n<li>Rynek kapita\u0142owy<\/li>\n\n\n\n<li>Doradztwo dla przedsi\u0119biorc\u00f3w w sprawach szeroko poj\u0119tego rynku finansowego<\/li>\n<\/ul>\n\n\n\n<h5 class=\"wp-block-heading\">Publikacje<\/h5>\n\n\n\n<p class=\"has-text-color has-link-color wp-elements-8c2ef686a27df878fdd83430442f753b\" style=\"color:#000000\"><span style=\"font-weight: 400;\">Autor i wsp\u00f3\u0142autor kilkunastu artyku\u0142\u00f3w prawnych z zakresu prawa finansowego oraz rynku kapita\u0142owego<\/span>.<\/p>\n\n\n\n<p id=\"uslugi\"><\/p>\n\n\n\n<br><br><br><br>\n\n\n\n<h2 class=\"wp-block-heading\">Zakres us\u0142ug<\/h2>\n\n\n\n<h4 class=\"wp-block-heading\">Prawo cywilne<\/h4>\n\n\n<div class=\"wp-block-image size-large\">\n<figure class=\"alignleft is-resized\"><img decoding=\"async\" src=\"http:\/\/kowalczykadwokat.pl\/wp-content\/uploads\/2022\/07\/car-accident.jpg\" alt=\"\" style=\"width:360px;height:auto\"\/><\/figure><\/div>\n\n\n<p><\/p>\n\n\n\n<p><\/p>\n\n\n\n<p><\/p>\n\n\n\n<p><\/p>\n\n\n\n<p><\/p>\n\n\n\n<p><\/p>\n\n\n\n<p><\/p>\n\n\n\n<p><\/p>\n\n\n\n<p><\/p>\n\n\n\n<br><br><br><br><br><br><br><br><br><p>Prowadz\u0119 sprawy w zakresie prawa cywilnego obejmuj\u0105cego w szczeg\u00f3lno\u015bci sprawy:<\/p>\n\n\n\n<ul class=\"wp-block-list\">\n<li>o zap\u0142at\u0119<\/li>\n\n\n\n<li>o dochodzenie odszkodowa\u0144 i zado\u015b\u0107uczynie\u0144 m. in. z tytu\u0142u wypadk\u00f3w, czyn\u00f3w niedozwolonych<\/li>\n\n\n\n<li>o zniesienie wsp\u00f3\u0142w\u0142asno\u015bci oraz nabycie w\u0142asno\u015bci przez zasiedzenie<\/li>\n\n\n\n<li>o ustanowienie s\u0142u\u017cebno\u015bci (w tym s\u0142u\u017cebno\u015bci drogi koniecznej)<\/li>\n\n\n\n<li>dotycz\u0105cych ograniczonych praw rzeczowych oraz u\u017cytkowania wieczystego<\/li>\n\n\n\n<li>o naruszenie prawa w\u0142asno\u015bci oraz naruszenie posiadania<\/li>\n\n\n\n<li>o eksmisj\u0119, o zap\u0142at\u0119 czynszu i op\u0142at eksploatacyjnych oraz o ustalenia prawa do lokalu socjalnego<\/li>\n<\/ul>\n\n\n\n<p>Reprezentuj\u0119 klient\u00f3w na wszystkich etapach post\u0119powa\u0144 cywilnych przed s\u0105dami powszechnymi oraz S\u0105dem Najwy\u017cszym. Skutecznie prowadz\u0119 post\u0119powania zabezpieczaj\u0105ce oraz egzekucyjne.<\/p>\n\n\n\n<hr class=\"wp-block-separator has-alpha-channel-opacity is-style-wide\"\/>\n\n\n\n<h4 class=\"wp-block-heading\">Prawo gospodarcze<\/h4>\n\n\n<div class=\"wp-block-image\">\n<figure class=\"alignleft size-full is-resized\"><img loading=\"lazy\" decoding=\"async\" width=\"1000\" height=\"687\" src=\"http:\/\/kowalczykadwokat.pl\/wp-content\/uploads\/2023\/07\/lawyer-discussion1-min.png\" alt=\"\" class=\"wp-image-35184\" style=\"width:360px;height:auto\"\/><\/figure><\/div>\n\n\n<p><\/p>\n\n\n\n<p><\/p>\n\n\n\n<p><\/p>\n\n\n\n<p><\/p>\n\n\n\n<p><\/p>\n\n\n\n<p><\/p>\n\n\n\n<p><\/p>\n\n\n\n<p><\/p>\n\n\n\n<p><br><br><br><br><br><br><br><br><br><p>W ramach swojej dzia\u0142alno\u015bci oferuj\u0119 us\u0142ugi z zakresu:<\/p><\/p>\n\n\n\n<ul class=\"wp-block-list\">\n<li>obs\u0142ugi prawnej przedsi\u0119biorc\u00f3w, w szczeg\u00f3lno\u015bci w zakresie bie\u017c\u0105cego doradztwa prawnego<\/li>\n\n\n\n<li>sporz\u0105dzania um\u00f3w i opinii prawnych<\/li>\n\n\n\n<li>opiniowania i wykonywania um\u00f3w<\/li>\n\n\n\n<li>dochodzenia nale\u017cno\u015bci od d\u0142u\u017cnik\u00f3w<\/li>\n\n\n\n<li>spor\u00f3w s\u0105dowych i pozas\u0105dowych<\/li>\n\n\n\n<li>prowadzenia negocjacji.&nbsp;<\/li>\n<\/ul>\n\n\n\n<p>W ramach wsp\u00f3\u0142pracy z Kancelari\u0105 mo\u017cliwe jest tak\u017ce korzystanie ze sta\u0142ej obs\u0142ugi prawnej.<\/p>\n\n\n\n<hr class=\"wp-block-separator has-alpha-channel-opacity is-style-wide\"\/>\n\n\n\n<h4 class=\"wp-block-heading\">Prawo handlowe<\/h4>\n\n\n<figure class=\"wp-block-image size-full is-resized\"><img loading=\"lazy\" decoding=\"async\" width=\"1200\" height=\"670\" class=\"wp-image-29049 alignleft\" style=\"width: 360px; height: auto;\" src=\"http:\/\/kowalczykadwokat.pl\/wp-content\/uploads\/2017\/06\/pexels-kampus-production-8428070.jpg\" alt=\"\" \/><\/figure>\n\n\n<br><br><br><br><br><br><br><p>\u015awiadcz\u0119 pomoc prawn\u0105 przy:<\/p>\n\n\n\n<ul class=\"wp-block-list\">\n<li>tworzeniu i rejestrowaniu sp\u00f3\u0142ek, fundacji, stowarzysze\u0144<\/li>\n\n\n\n<li>doradzam przy przekszta\u0142caniu sp\u00f3\u0142ek prawa handlowego.<\/li>\n\n\n\n<li>w zakresie likwidacji i upad\u0142o\u015bci sp\u00f3\u0142ek<\/li>\n\n\n\n<li>opiniowania i sporz\u0105dzania projekt\u00f3w akt\u00f3w prawnych reguluj\u0105cych dzia\u0142alno\u015b\u0107 sp\u00f3\u0142ek i innych podmiot\u00f3w prawa: umowy, statuty, regulaminy i uchwa\u0142y<\/li>\n\n\n\n<li>reprezentacji podczas posiedze\u0144 kolegialnych organ\u00f3w sp\u00f3\u0142ek, w tym zgromadze\u0144 wsp\u00f3lnik\u00f3w i akcjonariuszy;<\/li>\n\n\n\n<li>transakcje nabywania i zbywania udzia\u0142\u00f3w, akcji oraz og\u00f3\u0142u praw i obowi\u0105zk\u00f3w w sp\u00f3\u0142kach osobowych;<\/li>\n\n\n\n<li>opracowanie strategii procesowych oraz prowadzenie spor\u00f3w korporacyjnych w zakresie zaskar\u017cania uchwa\u0142, dochodzenia nale\u017cno\u015bci od cz\u0142onk\u00f3w zarz\u0105du i spor\u00f3w w\u0142a\u015bcicielskich.<\/li>\n<\/ul>\n\n\n\n<hr class=\"wp-block-separator has-alpha-channel-opacity is-style-wide\"\/>\n\n\n\n<h4 class=\"wp-block-heading\">Prawo rodzinne i spadkowe<\/h4>\n\n\n<div class=\"wp-block-image\">\n<figure class=\"alignleft size-full is-resized\"><img loading=\"lazy\" decoding=\"async\" width=\"1280\" height=\"853\" src=\"http:\/\/kowalczykadwokat.pl\/wp-content\/uploads\/2022\/07\/violence-imgs.jpg\" alt=\"\" class=\"wp-image-30834\" style=\"width:360px;height:auto\"\/><\/figure><\/div>\n\n\n<p><\/p>\n\n\n\n<p><\/p>\n\n\n\n<p><\/p>\n\n\n\n<p><\/p>\n\n\n\n<p><\/p>\n\n\n\n<p><\/p>\n\n\n\n<p><\/p>\n\n\n\n<p><\/p>\n\n\n\n<p><br><br><br><br><br><br><br><br><p>\u015awiadcz\u0119 kompleksowe us\u0142ugi w zakresie prawa rodzinnego oraz spadkowego. Prowadz\u0119 m.in. sprawy:<\/p><\/p>\n\n\n\n<ul class=\"wp-block-list\">\n<li>rozwodu&nbsp;<\/li>\n\n\n\n<li>ustalenia opieki i kontakt\u00f3w z ma\u0142oletnimi dzie\u0107mi<\/li>\n\n\n\n<li>ograniczenia praw rodzicielskich,<\/li>\n\n\n\n<li>aliment\u00f3w,<\/li>\n\n\n\n<li>podzia\u0142u maj\u0105tku,<\/li>\n\n\n\n<li>stwierdzenie nabycia spadku,<\/li>\n\n\n\n<li>dzia\u0142 spadku,<\/li>\n\n\n\n<li>zachowek,<\/li>\n\n\n\n<li>wykonanie zapis\u00f3w,<\/li>\n\n\n\n<li>wydziedziczenie.<\/li>\n<\/ul>\n\n\n\n<hr class=\"wp-block-separator has-alpha-channel-opacity is-style-wide\"\/>\n\n\n\n<h4 class=\"wp-block-heading\">Prawo pracy<\/h4>\n\n\n<div class=\"wp-block-image\">\n<figure class=\"alignleft size-full is-resized\"><img loading=\"lazy\" decoding=\"async\" width=\"600\" height=\"400\" src=\"http:\/\/kowalczykadwokat.pl\/wp-content\/uploads\/2023\/02\/who-we-are2-1.jpg\" alt=\"\" class=\"wp-image-27646\" style=\"width:360px;height:auto\"\/><\/figure><\/div>\n\n\n<p><br><br><br><br><br><br><br><br><p>Udzielam pracownikom i pracodawcom porad prawnych w ramach wszystkich aspekt\u00f3w nawi\u0105zywania, utrzymania i zako\u0144czenia zatrudnienia. Us\u0142ugi prawne obejmuj\u0105 m.in.:<\/p><\/p>\n\n\n\n<ul class=\"wp-block-list\">\n<li>przygotowanie projekt\u00f3w um\u00f3w (w tym umowy o prac\u0119, o zakazie konkurencji),&nbsp;<\/li>\n\n\n\n<li>przygotowywanie o\u015bwiadcze\u0144 o wypowiedzeniu umowy,<\/li>\n\n\n\n<li>tworzenie&nbsp; regulamin\u00f3w pracy, regulamin\u00f3w wynagradzania, zak\u0142adowych uk\u0142ad\u00f3w zbiorowych.<\/li>\n<\/ul>\n\n\n\n<hr class=\"wp-block-separator has-alpha-channel-opacity is-style-wide\"\/>\n\n\n\n<h4 class=\"wp-block-heading\">Kredyty frankowe<\/h4>\n\n\n<div class=\"wp-block-image\">\n<figure class=\"alignleft size-full is-resized\"><img loading=\"lazy\" decoding=\"async\" width=\"1280\" height=\"853\" src=\"http:\/\/kowalczykadwokat.pl\/wp-content\/uploads\/2022\/07\/pexels-pavel-danilyuk-8112160-1.jpg\" alt=\"\" class=\"wp-image-29079\" style=\"width:360px;height:auto\"\/><\/figure><\/div>\n\n\n<br><br><br><br><br><br><br><br><br><p>Reprezentuj\u0119 kredytobiorc\u00f3w w procesach s\u0105dowych dotycz\u0105cych tzw. kredyt\u00f3w we frankach szwajcarskich (zar\u00f3wno kredyt\u00f3w indeksowanych kursem CHF, jak i kredyt\u00f3w denominowanych do CHF). Moja pomoc polega przede wszystkim na analizie umowy kredytowej pod k\u0105tem uznania jej za niewa\u017cn\u0105 lub wyst\u0119powania postanowie\u0144 niedozwolonych. Badam tak\u017ce relacje banku z Klientem oraz histori\u0119 kredytu.\u00a0<\/p>\n\n\n\n<hr class=\"wp-block-separator has-alpha-channel-opacity is-style-wide\"\/>\n\n\n\n<h4 class=\"wp-block-heading\">Ubezpieczenia spo\u0142eczne<\/h4>\n\n\n<div class=\"wp-block-image\">\n<figure class=\"alignleft size-full is-resized\"><img loading=\"lazy\" decoding=\"async\" width=\"1280\" height=\"853\" src=\"http:\/\/kowalczykadwokat.pl\/wp-content\/uploads\/2022\/07\/pexels-cottonbro-studio-4098264.jpg\" alt=\"\" class=\"wp-image-28976\" style=\"width:360px;height:auto\"\/><\/figure><\/div>\n\n\n<p><br><br><br><br><br><br><br><br><br><p>Oferuj\u0119 kompleksow\u0105 pomoc prawn\u0105 w sprawach z ZUS. Udzielam rzetelnego wsparcia merytorycznego oraz reprezentuj\u0119 klient\u00f3w w zwi\u0105zku z post\u0119powaniami wyja\u015bniaj\u0105cymi i kontrolami prowadzonymi przez ZUS, a tak\u017ce zapewniam prowadzenie sprawy przed s\u0105dami powszechnymi.<\/p><\/p>\n\n\n\n<hr class=\"wp-block-separator has-alpha-channel-opacity is-style-wide\"\/>\n\n\n\n<h4 class=\"wp-block-heading\">Znaki towarowe i w\u0142asno\u015b\u0107 przemys\u0142owa<\/h4>\n\n\n<div class=\"wp-block-image\">\n<figure class=\"alignleft size-full is-resized\"><img loading=\"lazy\" decoding=\"async\" width=\"1200\" height=\"670\" src=\"http:\/\/kowalczykadwokat.pl\/wp-content\/uploads\/2017\/06\/pexels-pavel-danilyuk-8112111.jpg\" alt=\"\" class=\"wp-image-29047\" style=\"width:421px;height:auto\"\/><\/figure><\/div>\n\n\n<br><br><br><br><br><br><br><br><br><p>W ramach praktyki w\u0142asno\u015bci przemys\u0142owej oferuj\u0119:<\/p>\n\n\n\n<ul class=\"wp-block-list\">\n<li>konstruowanie um\u00f3w<\/li>\n\n\n\n<li>obs\u0142ug\u0119 post\u0119powa\u0144 zwi\u0105zanych z ochron\u0105 znak\u00f3w towarowych i wzor\u00f3w przemys\u0142owych<\/li>\n\n\n\n<li>badanie zdolno\u015bci rejestrowej znak\u00f3w towarowych i wzor\u00f3w przemys\u0142owych<\/li>\n\n\n\n<li>monitoring znak\u00f3w towarowych, kt\u00f3ry umo\u017cliwia wykrycie zg\u0142osze\u0144 naruszaj\u0105cych prawa ju\u017c istniej\u0105ce na wczesnym etapie<\/li>\n\n\n\n<li>kompleksow\u0105 obs\u0142ug\u0119 proces\u00f3w s\u0105dowych zwi\u0105zanych z w\u0142asno\u015bci\u0105 przemys\u0142ow\u0105<\/li>\n\n\n\n<li>formu\u0142owanie pism ostrzegawczych i wezwa\u0144 do zaprzestania narusze\u0144<\/li>\n\n\n\n<li>opinie prawne<\/li>\n<\/ul>\n\n\n\n<p id=\"kontakt\"><\/p>\n\n\n\n<hr class=\"wp-block-separator has-alpha-channel-opacity is-style-wide\"\/>\n\n\n\n<br><br><br>\n\n\n\n<h2 class=\"wp-block-heading\">Kontakt<\/h2>\n\n\n\n<div class=\"contact-info\">\n      <p><strong>Adres:<\/strong> ul. Kostromska 39a, pi\u0119tro 1 lok. 1, 97-300 Piotrk\u00f3w Trybunalski<\/p>\n      <p><strong>E-mail:<\/strong> <a href=\"mailto:magdalena.kowalczyk@adwokatura.pl\">magdalena.kowalczyk@adwokatura.pl<\/a><\/p>\n      <p><strong>Telefon:<\/strong> <a href=\"tel:723222185\">723 222 185<\/a><\/p>\n    <\/div>\n\n\n\n<iframe src=\"https:\/\/www.google.com\/maps\/embed?pb=!1m18!1m12!1m3!1d2488.327166376469!2d19.66772761240157!3d51.41541647167489!2m3!1f0!2f0!3f0!3m2!1i1024!2i768!4f13.1!3m3!1m2!1s0x6e34b2f3a63db919%3A0x7d86f2a441d955ba!2sKancelaria%20Adwokacka%20Adwokat%20Magdalena%20Kowalczyk!5e0!3m2!1spl!2spl!4v1748284406753!5m2!1spl!2spl\" width=\"100%\" height=\"450\" style=\"border:0;\" allowfullscreen=\"\" loading=\"lazy\" referrerpolicy=\"no-referrer-when-downgrade\"><\/iframe>\n\n\n\n<br><br><br>\n","protected":false},"excerpt":{"rendered":"<p>O mnie Wykszta\u0142cenie Przynale\u017cno\u015b\u0107 zawodowa Do\u015bwiadczenie Publikacje W pracy kieruj\u0119 si\u0119 satysfakcj\u0105 klienta, skuteczno\u015bci\u0105 prowadzonych spraw, pe\u0142nym zaanga\u017cowaniem i indywidualnym..<\/p>\n","protected":false},"author":1,"featured_media":37071,"parent":0,"menu_order":0,"comment_status":"closed","ping_status":"closed","template":"","meta":{"footnotes":""},"class_list":["post-36316","page","type-page","status-publish","has-post-thumbnail","hentry"],"_links":{"self":[{"href":"http:\/\/kowalczykadwokat.pl\/index.php\/wp-json\/wp\/v2\/pages\/36316","targetHints":{"allow":["GET"]}}],"collection":[{"href":"http:\/\/kowalczykadwokat.pl\/index.php\/wp-json\/wp\/v2\/pages"}],"about":[{"href":"http:\/\/kowalczykadwokat.pl\/index.php\/wp-json\/wp\/v2\/types\/page"}],"author":[{"embeddable":true,"href":"http:\/\/kowalczykadwokat.pl\/index.php\/wp-json\/wp\/v2\/users\/1"}],"replies":[{"embeddable":true,"href":"http:\/\/kowalczykadwokat.pl\/index.php\/wp-json\/wp\/v2\/comments?post=36316"}],"version-history":[{"count":117,"href":"http:\/\/kowalczykadwokat.pl\/index.php\/wp-json\/wp\/v2\/pages\/36316\/revisions"}],"predecessor-version":[{"id":37248,"href":"http:\/\/kowalczykadwokat.pl\/index.php\/wp-json\/wp\/v2\/pages\/36316\/revisions\/37248"}],"wp:featuredmedia":[{"embeddable":true,"href":"http:\/\/kowalczykadwokat.pl\/index.php\/wp-json\/wp\/v2\/media\/37071"}],"wp:attachment":[{"href":"http:\/\/kowalczykadwokat.pl\/index.php\/wp-json\/wp\/v2\/media?parent=36316"}],"curies":[{"name":"wp","href":"https:\/\/api.w.org\/{rel}","templated":true}]}}